{"id":35,"date":"2021-09-02T09:19:58","date_gmt":"2021-09-02T09:19:58","guid":{"rendered":"https:\/\/jasnajasnazmak.net\/?page_id=35"},"modified":"2025-10-24T13:41:02","modified_gmt":"2025-10-24T13:41:02","slug":"o-meni","status":"publish","type":"page","link":"https:\/\/jasnajasnazmak.net\/en\/o-meni\/","title":{"rendered":"about me"},"content":{"rendered":"<div class=\"wp-block-columns is-layout-flex wp-container-core-columns-is-layout-9d6595d7 wp-block-columns-is-layout-flex\">\n<div class=\"wp-block-column is-layout-flow wp-block-column-is-layout-flow\" style=\"flex-basis:100%\"><\/div>\n<\/div>\n\n\n\n<div class=\"wp-block-group alignwide\"><div class=\"wp-block-group__inner-container is-layout-flow wp-block-group-is-layout-flow\">\n<div class=\"wp-block-columns alignwide is-layout-flex wp-container-core-columns-is-layout-9d6595d7 wp-block-columns-is-layout-flex\">\n<div class=\"wp-block-column is-layout-flow wp-block-column-is-layout-flow\">\n<figure class=\"wp-block-image is-resized\"><img decoding=\"async\" src=\"https:\/\/jasnajasnazmak.net\/wp-content\/uploads\/2021\/09\/DSCF7292-scaled-e1631619612544-935x1024.jpg\" alt=\"\" class=\"wp-image-409\"\/><figcaption class=\"wp-element-caption\">foto: Mate Ugrin<\/figcaption><\/figure>\n<\/div>\n\n\n\n<div class=\"wp-block-column is-layout-flow wp-block-column-is-layout-flow\">\n<p>Jasna Jasna \u017dmak works as <strong>dramaturg<\/strong>, <strong>writer<\/strong>, <strong>researcher<\/strong> and counselling therapist. She is <strong>associate professor<\/strong> at <a href=\"http:\/\/dramaturgija.adu.hr\/\">the dramaturgy department<\/a> at the <a href=\"https:\/\/www.adu.unizg.hr\/academy-of-dramatic-art\/introduction\/\">Academy of Dramatic Art<\/a> of the University of Zagreb where she has previously graduated. She holds a <strong>PhD<\/strong> from the Faculty of Social Sciences and Humanities in Zagreb. She is <strong>author<\/strong> of several <a href=\"https:\/\/jasnajasnazmak.net\/pisanje\/\">books<\/a>, film scripts, critical texts and short stories. As dramaturg, she has collaborated on several <a href=\"https:\/\/jasnajasnazmak.net\/izvedba\/\">performance<\/a> and <a href=\"https:\/\/jasnajasnazmak.net\/film\/\">film<\/a> projects. As a psychodramatic therapist and sexual therapy trainee, she provides individual and group <strong><a href=\"https:\/\/jasnajasnazmak.net\/psihoterapija\/\">therapy<\/a><\/strong> and organises different psychodramatic workshops. She has organised and\/or mentored several workshops about writing, <strong>dramaturgy<\/strong> and\/or <strong>feminism.<\/strong> She is member of <a href=\"https:\/\/spid.com.hr\/\"><strong>SPID<\/strong> (Croatian Screenwriters and Playwrights Guild)<\/a> and of <a href=\"https:\/\/www.hkpt.hr\/\"><strong>HKTP<\/strong>-a (Hrvatske komore psihoterapeuta<\/a>).<\/p>\n\n\n\n<p><strong>contact:<\/strong> jasnazmak@gmail.com<\/p>\n<\/div>\n<\/div>\n\n\n\n<div class=\"wp-block-columns alignwide is-layout-flex wp-container-core-columns-is-layout-9d6595d7 wp-block-columns-is-layout-flex\">\n<div class=\"wp-block-column is-vertically-aligned-center is-layout-flow wp-block-column-is-layout-flow\">\n<div class=\"wp-block-columns is-layout-flex wp-container-core-columns-is-layout-9d6595d7 wp-block-columns-is-layout-flex\">\n<div class=\"wp-block-column is-layout-flow wp-block-column-is-layout-flow\"><\/div>\n\n\n\n<div class=\"wp-block-column is-layout-flow wp-block-column-is-layout-flow\">\n<div class=\"wp-block-columns is-layout-flex wp-container-core-columns-is-layout-9d6595d7 wp-block-columns-is-layout-flex\">\n<div class=\"wp-block-column is-layout-flow wp-block-column-is-layout-flow\" style=\"flex-basis:100%\">\n<div style=\"height:75px\" aria-hidden=\"true\" class=\"wp-block-spacer\"><\/div>\n<\/div>\n<\/div>\n<\/div>\n\n\n\n<div class=\"wp-block-column is-layout-flow wp-block-column-is-layout-flow\">\n<div style=\"height:75px\" aria-hidden=\"true\" class=\"wp-block-spacer\"><\/div>\n<\/div>\n<\/div>\n<\/div>\n<\/div>\n\n\n\n<div class=\"wp-block-columns alignwide is-layout-flex wp-container-core-columns-is-layout-9d6595d7 wp-block-columns-is-layout-flex\">\n<div class=\"wp-block-column is-vertically-aligned-center is-layout-flow wp-block-column-is-layout-flow\">\n<div class=\"wp-block-columns is-layout-flex wp-container-core-columns-is-layout-9d6595d7 wp-block-columns-is-layout-flex\">\n<div class=\"wp-block-column is-layout-flow wp-block-column-is-layout-flow\">\n<p><\/p>\n<\/div>\n<\/div>\n<\/div>\n<\/div>\n<\/div><\/div>","protected":false},"excerpt":{"rendered":"<p>Jasna Jasna \u017dmak radi kao dramaturginja, spisateljica, istra\u017eiva\u010dica i savjetodavna terapeutkinja. Izvanredna je profesorica na odsjeku dramaturgije na Akademiji dramske umjetnosti Sveu\u010dili\u0161ta u Zagrebu gdje je prethodno i diplomirala. Doktorirala je na Filozofskom fakultetu Sveu\u010dili\u0161ta u Zagrebu. Autorica je nekoliko knjiga, scenarija te vi\u0161e kriti\u010dkih tekstova i kratkih pri\u010da. Kao dramaturginja, sura\u0111ivala je na nizu&hellip; <a class=\"more-link\" href=\"https:\/\/jasnajasnazmak.net\/en\/o-meni\/\">Continue reading <span class=\"screen-reader-text\">about me<\/span><\/a><\/p>","protected":false},"author":1,"featured_media":0,"parent":0,"menu_order":0,"comment_status":"closed","ping_status":"closed","template":"","meta":{"footnotes":""},"class_list":["post-35","page","type-page","status-publish","hentry","entry"],"yoast_head":"<!-- This site is optimized with the Yoast SEO plugin v27.4 - https:\/\/yoast.com\/product\/yoast-seo-wordpress\/ -->\n<title>o meni - jasna jasna \u017emak<\/title>\n<meta name=\"description\" content=\"Jasna Jasna \u017dmak radi kao dramaturginja, spisateljica i scenaristica. Docentica je na odsjeku dramaturgije na Akademiji dramske umjetnosti Sveu\u010dili\u0161ta u Zagrebu gdje je prethodno i diplomirala. Doktorirala je na Filozofskom fakultetu Sveu\u010dili\u0161ta u Zagrebu. Autorica je nekoliko knjiga, scenarija te vi\u0161e kriti\u010dkih tekstova i kratkih pri\u010da. Kao dramaturginja, sura\u0111ivala je na nizu izvedbenih i filmskih projekata. Trenutno se nalazi u edukaciji za psihodramsku terapeutkinju pri Centru za psihodramu u Zagrebu. Organizirala je i mentorirala vi\u0161e radionica na temu pisanja, dramaturgije i\/ili feministi\u010dke kritike. Predsjednica je strukovne udruge SPID \u2013 Savez scenarista i pisaca izvedbenih djela.\" \/>\n<meta name=\"robots\" content=\"index, follow, max-snippet:-1, max-image-preview:large, max-video-preview:-1\" \/>\n<link rel=\"canonical\" href=\"https:\/\/jasnajasnazmak.net\/en\/o-meni\/\" \/>\n<meta property=\"og:locale\" content=\"en_US\" \/>\n<meta property=\"og:type\" content=\"article\" \/>\n<meta property=\"og:title\" content=\"o meni - jasna jasna \u017emak\" \/>\n<meta property=\"og:description\" content=\"Jasna Jasna \u017dmak radi kao dramaturginja, spisateljica i scenaristica. Docentica je na odsjeku dramaturgije na Akademiji dramske umjetnosti Sveu\u010dili\u0161ta u Zagrebu gdje je prethodno i diplomirala. Doktorirala je na Filozofskom fakultetu Sveu\u010dili\u0161ta u Zagrebu. Autorica je nekoliko knjiga, scenarija te vi\u0161e kriti\u010dkih tekstova i kratkih pri\u010da. Kao dramaturginja, sura\u0111ivala je na nizu izvedbenih i filmskih projekata. Trenutno se nalazi u edukaciji za psihodramsku terapeutkinju pri Centru za psihodramu u Zagrebu. Organizirala je i mentorirala vi\u0161e radionica na temu pisanja, dramaturgije i\/ili feministi\u010dke kritike. Predsjednica je strukovne udruge SPID \u2013 Savez scenarista i pisaca izvedbenih djela.\" \/>\n<meta property=\"og:url\" content=\"https:\/\/jasnajasnazmak.net\/en\/o-meni\/\" \/>\n<meta property=\"og:site_name\" content=\"jasna jasna \u017emak\" \/>\n<meta property=\"article:modified_time\" content=\"2025-10-24T13:41:02+00:00\" \/>\n<meta property=\"og:image\" content=\"https:\/\/jasnajasnazmak.net\/wp-content\/uploads\/2021\/09\/DSCF7292-scaled-e1631619785767.jpg\" \/>\n\t<meta property=\"og:image:width\" content=\"1169\" \/>\n\t<meta property=\"og:image:height\" content=\"1185\" \/>\n\t<meta property=\"og:image:type\" content=\"image\/jpeg\" \/>\n<meta name=\"twitter:card\" content=\"summary_large_image\" \/>\n<meta name=\"twitter:label1\" content=\"Est. reading time\" \/>\n\t<meta name=\"twitter:data1\" content=\"1 minute\" \/>\n<script type=\"application\/ld+json\" class=\"yoast-schema-graph\">{\"@context\":\"https:\\\/\\\/schema.org\",\"@graph\":[{\"@type\":\"WebPage\",\"@id\":\"https:\\\/\\\/jasnajasnazmak.net\\\/o-meni\\\/\",\"url\":\"https:\\\/\\\/jasnajasnazmak.net\\\/o-meni\\\/\",\"name\":\"o meni - jasna jasna \u017emak\",\"isPartOf\":{\"@id\":\"https:\\\/\\\/jasnajasnazmak.net\\\/#website\"},\"primaryImageOfPage\":{\"@id\":\"https:\\\/\\\/jasnajasnazmak.net\\\/o-meni\\\/#primaryimage\"},\"image\":{\"@id\":\"https:\\\/\\\/jasnajasnazmak.net\\\/o-meni\\\/#primaryimage\"},\"thumbnailUrl\":\"https:\\\/\\\/jasnajasnazmak.net\\\/wp-content\\\/uploads\\\/2021\\\/09\\\/DSCF7292-scaled-e1631619612544-935x1024.jpg\",\"datePublished\":\"2021-09-02T09:19:58+00:00\",\"dateModified\":\"2025-10-24T13:41:02+00:00\",\"description\":\"Jasna Jasna \u017dmak radi kao dramaturginja, spisateljica i scenaristica. Docentica je na odsjeku dramaturgije na Akademiji dramske umjetnosti Sveu\u010dili\u0161ta u Zagrebu gdje je prethodno i diplomirala. Doktorirala je na Filozofskom fakultetu Sveu\u010dili\u0161ta u Zagrebu. Autorica je nekoliko knjiga, scenarija te vi\u0161e kriti\u010dkih tekstova i kratkih pri\u010da. Kao dramaturginja, sura\u0111ivala je na nizu izvedbenih i filmskih projekata. Trenutno se nalazi u edukaciji za psihodramsku terapeutkinju pri Centru za psihodramu u Zagrebu. Organizirala je i mentorirala vi\u0161e radionica na temu pisanja, dramaturgije i\\\/ili feministi\u010dke kritike. Predsjednica je strukovne udruge SPID \u2013 Savez scenarista i pisaca izvedbenih djela.\",\"breadcrumb\":{\"@id\":\"https:\\\/\\\/jasnajasnazmak.net\\\/o-meni\\\/#breadcrumb\"},\"inLanguage\":\"en-US\",\"potentialAction\":[{\"@type\":\"ReadAction\",\"target\":[\"https:\\\/\\\/jasnajasnazmak.net\\\/o-meni\\\/\"]}]},{\"@type\":\"ImageObject\",\"inLanguage\":\"en-US\",\"@id\":\"https:\\\/\\\/jasnajasnazmak.net\\\/o-meni\\\/#primaryimage\",\"url\":\"https:\\\/\\\/jasnajasnazmak.net\\\/wp-content\\\/uploads\\\/2021\\\/09\\\/DSCF7292-scaled-e1631619612544-935x1024.jpg\",\"contentUrl\":\"https:\\\/\\\/jasnajasnazmak.net\\\/wp-content\\\/uploads\\\/2021\\\/09\\\/DSCF7292-scaled-e1631619612544-935x1024.jpg\"},{\"@type\":\"BreadcrumbList\",\"@id\":\"https:\\\/\\\/jasnajasnazmak.net\\\/o-meni\\\/#breadcrumb\",\"itemListElement\":[{\"@type\":\"ListItem\",\"position\":1,\"name\":\"Po\u010detna stranica\",\"item\":\"https:\\\/\\\/jasnajasnazmak.net\\\/\"},{\"@type\":\"ListItem\",\"position\":2,\"name\":\"o meni\"}]},{\"@type\":\"WebSite\",\"@id\":\"https:\\\/\\\/jasnajasnazmak.net\\\/#website\",\"url\":\"https:\\\/\\\/jasnajasnazmak.net\\\/\",\"name\":\"jasna jasna\",\"description\":\"\",\"publisher\":{\"@id\":\"https:\\\/\\\/jasnajasnazmak.net\\\/#\\\/schema\\\/person\\\/864e39429d238302c2ee43b9c1755bd4\"},\"potentialAction\":[{\"@type\":\"SearchAction\",\"target\":{\"@type\":\"EntryPoint\",\"urlTemplate\":\"https:\\\/\\\/jasnajasnazmak.net\\\/?s={search_term_string}\"},\"query-input\":{\"@type\":\"PropertyValueSpecification\",\"valueRequired\":true,\"valueName\":\"search_term_string\"}}],\"inLanguage\":\"en-US\"},{\"@type\":[\"Person\",\"Organization\"],\"@id\":\"https:\\\/\\\/jasnajasnazmak.net\\\/#\\\/schema\\\/person\\\/864e39429d238302c2ee43b9c1755bd4\",\"name\":\"admin\",\"image\":{\"@type\":\"ImageObject\",\"inLanguage\":\"en-US\",\"@id\":\"https:\\\/\\\/secure.gravatar.com\\\/avatar\\\/b34f42baafffbd05d0b4a5fbd8594f5afe4d68c881ab36ed8ab35c6d4af32335?s=96&d=mm&r=g\",\"url\":\"https:\\\/\\\/secure.gravatar.com\\\/avatar\\\/b34f42baafffbd05d0b4a5fbd8594f5afe4d68c881ab36ed8ab35c6d4af32335?s=96&d=mm&r=g\",\"contentUrl\":\"https:\\\/\\\/secure.gravatar.com\\\/avatar\\\/b34f42baafffbd05d0b4a5fbd8594f5afe4d68c881ab36ed8ab35c6d4af32335?s=96&d=mm&r=g\",\"caption\":\"admin\"},\"logo\":{\"@id\":\"https:\\\/\\\/secure.gravatar.com\\\/avatar\\\/b34f42baafffbd05d0b4a5fbd8594f5afe4d68c881ab36ed8ab35c6d4af32335?s=96&d=mm&r=g\"},\"sameAs\":[\"https:\\\/\\\/jasnajasnazmak.net\"]}]}<\/script>\n<!-- \/ Yoast SEO plugin. -->","yoast_head_json":{"title":"o meni - jasna jasna \u017emak","description":"Jasna Jasna \u017dmak radi kao dramaturginja, spisateljica i scenaristica. Docentica je na odsjeku dramaturgije na Akademiji dramske umjetnosti Sveu\u010dili\u0161ta u Zagrebu gdje je prethodno i diplomirala. Doktorirala je na Filozofskom fakultetu Sveu\u010dili\u0161ta u Zagrebu. Autorica je nekoliko knjiga, scenarija te vi\u0161e kriti\u010dkih tekstova i kratkih pri\u010da. Kao dramaturginja, sura\u0111ivala je na nizu izvedbenih i filmskih projekata. Trenutno se nalazi u edukaciji za psihodramsku terapeutkinju pri Centru za psihodramu u Zagrebu. Organizirala je i mentorirala vi\u0161e radionica na temu pisanja, dramaturgije i\/ili feministi\u010dke kritike. Predsjednica je strukovne udruge SPID \u2013 Savez scenarista i pisaca izvedbenih djela.","robots":{"index":"index","follow":"follow","max-snippet":"max-snippet:-1","max-image-preview":"max-image-preview:large","max-video-preview":"max-video-preview:-1"},"canonical":"https:\/\/jasnajasnazmak.net\/en\/o-meni\/","og_locale":"en_US","og_type":"article","og_title":"o meni - jasna jasna \u017emak","og_description":"Jasna Jasna \u017dmak radi kao dramaturginja, spisateljica i scenaristica. Docentica je na odsjeku dramaturgije na Akademiji dramske umjetnosti Sveu\u010dili\u0161ta u Zagrebu gdje je prethodno i diplomirala. Doktorirala je na Filozofskom fakultetu Sveu\u010dili\u0161ta u Zagrebu. Autorica je nekoliko knjiga, scenarija te vi\u0161e kriti\u010dkih tekstova i kratkih pri\u010da. Kao dramaturginja, sura\u0111ivala je na nizu izvedbenih i filmskih projekata. Trenutno se nalazi u edukaciji za psihodramsku terapeutkinju pri Centru za psihodramu u Zagrebu. Organizirala je i mentorirala vi\u0161e radionica na temu pisanja, dramaturgije i\/ili feministi\u010dke kritike. Predsjednica je strukovne udruge SPID \u2013 Savez scenarista i pisaca izvedbenih djela.","og_url":"https:\/\/jasnajasnazmak.net\/en\/o-meni\/","og_site_name":"jasna jasna \u017emak","article_modified_time":"2025-10-24T13:41:02+00:00","og_image":[{"width":1169,"height":1185,"url":"https:\/\/jasnajasnazmak.net\/wp-content\/uploads\/2021\/09\/DSCF7292-scaled-e1631619785767.jpg","type":"image\/jpeg"}],"twitter_card":"summary_large_image","twitter_misc":{"Est. reading time":"1 minute"},"schema":{"@context":"https:\/\/schema.org","@graph":[{"@type":"WebPage","@id":"https:\/\/jasnajasnazmak.net\/o-meni\/","url":"https:\/\/jasnajasnazmak.net\/o-meni\/","name":"o meni - jasna jasna \u017emak","isPartOf":{"@id":"https:\/\/jasnajasnazmak.net\/#website"},"primaryImageOfPage":{"@id":"https:\/\/jasnajasnazmak.net\/o-meni\/#primaryimage"},"image":{"@id":"https:\/\/jasnajasnazmak.net\/o-meni\/#primaryimage"},"thumbnailUrl":"https:\/\/jasnajasnazmak.net\/wp-content\/uploads\/2021\/09\/DSCF7292-scaled-e1631619612544-935x1024.jpg","datePublished":"2021-09-02T09:19:58+00:00","dateModified":"2025-10-24T13:41:02+00:00","description":"Jasna Jasna \u017dmak radi kao dramaturginja, spisateljica i scenaristica. Docentica je na odsjeku dramaturgije na Akademiji dramske umjetnosti Sveu\u010dili\u0161ta u Zagrebu gdje je prethodno i diplomirala. Doktorirala je na Filozofskom fakultetu Sveu\u010dili\u0161ta u Zagrebu. Autorica je nekoliko knjiga, scenarija te vi\u0161e kriti\u010dkih tekstova i kratkih pri\u010da. Kao dramaturginja, sura\u0111ivala je na nizu izvedbenih i filmskih projekata. Trenutno se nalazi u edukaciji za psihodramsku terapeutkinju pri Centru za psihodramu u Zagrebu. Organizirala je i mentorirala vi\u0161e radionica na temu pisanja, dramaturgije i\/ili feministi\u010dke kritike. Predsjednica je strukovne udruge SPID \u2013 Savez scenarista i pisaca izvedbenih djela.","breadcrumb":{"@id":"https:\/\/jasnajasnazmak.net\/o-meni\/#breadcrumb"},"inLanguage":"en-US","potentialAction":[{"@type":"ReadAction","target":["https:\/\/jasnajasnazmak.net\/o-meni\/"]}]},{"@type":"ImageObject","inLanguage":"en-US","@id":"https:\/\/jasnajasnazmak.net\/o-meni\/#primaryimage","url":"https:\/\/jasnajasnazmak.net\/wp-content\/uploads\/2021\/09\/DSCF7292-scaled-e1631619612544-935x1024.jpg","contentUrl":"https:\/\/jasnajasnazmak.net\/wp-content\/uploads\/2021\/09\/DSCF7292-scaled-e1631619612544-935x1024.jpg"},{"@type":"BreadcrumbList","@id":"https:\/\/jasnajasnazmak.net\/o-meni\/#breadcrumb","itemListElement":[{"@type":"ListItem","position":1,"name":"Po\u010detna stranica","item":"https:\/\/jasnajasnazmak.net\/"},{"@type":"ListItem","position":2,"name":"o meni"}]},{"@type":"WebSite","@id":"https:\/\/jasnajasnazmak.net\/#website","url":"https:\/\/jasnajasnazmak.net\/","name":"jasna jasna","description":"","publisher":{"@id":"https:\/\/jasnajasnazmak.net\/#\/schema\/person\/864e39429d238302c2ee43b9c1755bd4"},"potentialAction":[{"@type":"SearchAction","target":{"@type":"EntryPoint","urlTemplate":"https:\/\/jasnajasnazmak.net\/?s={search_term_string}"},"query-input":{"@type":"PropertyValueSpecification","valueRequired":true,"valueName":"search_term_string"}}],"inLanguage":"en-US"},{"@type":["Person","Organization"],"@id":"https:\/\/jasnajasnazmak.net\/#\/schema\/person\/864e39429d238302c2ee43b9c1755bd4","name":"admin","image":{"@type":"ImageObject","inLanguage":"en-US","@id":"https:\/\/secure.gravatar.com\/avatar\/b34f42baafffbd05d0b4a5fbd8594f5afe4d68c881ab36ed8ab35c6d4af32335?s=96&d=mm&r=g","url":"https:\/\/secure.gravatar.com\/avatar\/b34f42baafffbd05d0b4a5fbd8594f5afe4d68c881ab36ed8ab35c6d4af32335?s=96&d=mm&r=g","contentUrl":"https:\/\/secure.gravatar.com\/avatar\/b34f42baafffbd05d0b4a5fbd8594f5afe4d68c881ab36ed8ab35c6d4af32335?s=96&d=mm&r=g","caption":"admin"},"logo":{"@id":"https:\/\/secure.gravatar.com\/avatar\/b34f42baafffbd05d0b4a5fbd8594f5afe4d68c881ab36ed8ab35c6d4af32335?s=96&d=mm&r=g"},"sameAs":["https:\/\/jasnajasnazmak.net"]}]}},"_links":{"self":[{"href":"https:\/\/jasnajasnazmak.net\/en\/wp-json\/wp\/v2\/pages\/35","targetHints":{"allow":["GET"]}}],"collection":[{"href":"https:\/\/jasnajasnazmak.net\/en\/wp-json\/wp\/v2\/pages"}],"about":[{"href":"https:\/\/jasnajasnazmak.net\/en\/wp-json\/wp\/v2\/types\/page"}],"author":[{"embeddable":true,"href":"https:\/\/jasnajasnazmak.net\/en\/wp-json\/wp\/v2\/users\/1"}],"replies":[{"embeddable":true,"href":"https:\/\/jasnajasnazmak.net\/en\/wp-json\/wp\/v2\/comments?post=35"}],"version-history":[{"count":40,"href":"https:\/\/jasnajasnazmak.net\/en\/wp-json\/wp\/v2\/pages\/35\/revisions"}],"predecessor-version":[{"id":1128,"href":"https:\/\/jasnajasnazmak.net\/en\/wp-json\/wp\/v2\/pages\/35\/revisions\/1128"}],"wp:attachment":[{"href":"https:\/\/jasnajasnazmak.net\/en\/wp-json\/wp\/v2\/media?parent=35"}],"curies":[{"name":"wp","href":"https:\/\/api.w.org\/{rel}","templated":true}]}}