{"id":145,"date":"2021-09-09T17:04:49","date_gmt":"2021-09-09T17:04:49","guid":{"rendered":"https:\/\/jasnajasnazmak.net\/?page_id=145"},"modified":"2025-02-28T11:02:35","modified_gmt":"2025-02-28T11:02:35","slug":"ostalo","status":"publish","type":"page","link":"https:\/\/jasnajasnazmak.net\/en\/ostalo\/","title":{"rendered":"other"},"content":{"rendered":"<div class=\"wp-block-group alignwide\"><div class=\"wp-block-group__inner-container is-layout-flow wp-block-group-is-layout-flow\">\n<div class=\"wp-block-columns alignwide is-layout-flex wp-container-core-columns-is-layout-9d6595d7 wp-block-columns-is-layout-flex\">\n<div class=\"wp-block-column is-layout-flow wp-block-column-is-layout-flow\">\n<div class=\"wp-block-buttons is-layout-flex wp-block-buttons-is-layout-flex\">\n<div class=\"wp-block-button is-style-fill\"><a class=\"wp-block-button__link wp-element-button\">PERFORMANCES<\/a><\/div>\n<\/div>\n<\/div>\n\n\n\n<div class=\"wp-block-column is-layout-flow wp-block-column-is-layout-flow\">\n<div class=\"wp-block-cover is-light\"><span aria-hidden=\"true\" class=\"wp-block-cover__background has-black-background-color has-background-dim-0 has-background-dim\"><\/span><img loading=\"lazy\" decoding=\"async\" width=\"770\" height=\"742\" class=\"wp-block-cover__image-background wp-image-249\" alt=\"\" src=\"https:\/\/jasnajasnazmak.net\/wp-content\/uploads\/2021\/09\/ja-sam-buducnost.jpg\" data-object-fit=\"cover\" srcset=\"https:\/\/jasnajasnazmak.net\/wp-content\/uploads\/2021\/09\/ja-sam-buducnost.jpg 770w, https:\/\/jasnajasnazmak.net\/wp-content\/uploads\/2021\/09\/ja-sam-buducnost-300x289.jpg 300w, https:\/\/jasnajasnazmak.net\/wp-content\/uploads\/2021\/09\/ja-sam-buducnost-768x740.jpg 768w\" sizes=\"auto, (max-width: 770px) 100vw, 770px\" \/><div class=\"wp-block-cover__inner-container is-layout-flow wp-block-cover-is-layout-flow\">\n<p class=\"has-purple-background-color has-background has-large-font-size\" style=\"line-height:1.2\"><strong><a href=\"https:\/\/janisambuducnost.tumblr.com\/\" target=\"_blank\" rel=\"noreferrer noopener\">I Am the Future (2017)<\/a><\/strong><\/p>\n<\/div><\/div>\n<\/div>\n\n\n\n<div class=\"wp-block-column is-layout-flow wp-block-column-is-layout-flow\">\n<div class=\"wp-block-cover is-light\"><span aria-hidden=\"true\" class=\"wp-block-cover__background has-black-background-color has-background-dim-0 has-background-dim\"><\/span><img loading=\"lazy\" decoding=\"async\" width=\"640\" height=\"960\" class=\"wp-block-cover__image-background wp-image-250\" alt=\"\" src=\"https:\/\/jasnajasnazmak.net\/wp-content\/uploads\/2021\/09\/1779148_1067618909943371_3234036103944085918_n.jpg\" data-object-fit=\"cover\" srcset=\"https:\/\/jasnajasnazmak.net\/wp-content\/uploads\/2021\/09\/1779148_1067618909943371_3234036103944085918_n.jpg 640w, https:\/\/jasnajasnazmak.net\/wp-content\/uploads\/2021\/09\/1779148_1067618909943371_3234036103944085918_n-200x300.jpg 200w\" sizes=\"auto, (max-width: 640px) 100vw, 640px\" \/><div class=\"wp-block-cover__inner-container is-layout-flow wp-block-cover-is-layout-flow\">\n<p class=\"has-text-align-left has-purple-background-color has-background has-large-font-size\" style=\"line-height:1.2\"><a href=\"http:\/\/rdecezore.org\/?l=2016&amp;lang=en\" target=\"_blank\" rel=\"noreferrer noopener\"><strong>Lavender Jane (2016)<\/strong><\/a><\/p>\n<\/div><\/div>\n<\/div>\n<\/div>\n\n\n\n<p><\/p>\n<\/div><\/div>\n\n\n\n<div class=\"wp-block-group alignwide\"><div class=\"wp-block-group__inner-container is-layout-flow wp-block-group-is-layout-flow\">\n<div class=\"wp-block-columns alignwide is-layout-flex wp-container-core-columns-is-layout-9d6595d7 wp-block-columns-is-layout-flex\">\n<div class=\"wp-block-column is-layout-flow wp-block-column-is-layout-flow\">\n<div class=\"wp-block-buttons is-layout-flex wp-block-buttons-is-layout-flex\">\n<div class=\"wp-block-button is-style-fill\"><a class=\"wp-block-button__link wp-element-button\">VISUAL ARTS<\/a><\/div>\n<\/div>\n<\/div>\n\n\n\n<div class=\"wp-block-column is-layout-flow wp-block-column-is-layout-flow\">\n<div class=\"wp-block-cover\"><span aria-hidden=\"true\" class=\"wp-block-cover__background has-background-dim-0 has-background-dim\"><\/span><img loading=\"lazy\" decoding=\"async\" width=\"1440\" height=\"810\" class=\"wp-block-cover__image-background wp-image-146\" alt=\"\" src=\"https:\/\/jasnajasnazmak.net\/wp-content\/uploads\/2021\/09\/3.jpg\" style=\"object-position:0% 0%\" data-object-fit=\"cover\" data-object-position=\"0% 0%\" srcset=\"https:\/\/jasnajasnazmak.net\/wp-content\/uploads\/2021\/09\/3.jpg 1440w, https:\/\/jasnajasnazmak.net\/wp-content\/uploads\/2021\/09\/3-300x169.jpg 300w, https:\/\/jasnajasnazmak.net\/wp-content\/uploads\/2021\/09\/3-1024x576.jpg 1024w, https:\/\/jasnajasnazmak.net\/wp-content\/uploads\/2021\/09\/3-768x432.jpg 768w\" sizes=\"auto, (max-width: 1440px) 100vw, 1440px\" \/><div class=\"wp-block-cover__inner-container is-layout-flow wp-block-cover-is-layout-flow\">\n<p class=\"has-purple-background-color has-background has-large-font-size\" style=\"line-height:1.2\"><strong><a href=\"http:\/\/petramrsa.com\/portfolio\/what-about-the-body\/\" target=\"_blank\" rel=\"noreferrer noopener\">Petra Mr\u0161a, Ma\u0161a Milovac, Nina Kurtela, Mejra Muji\u010di\u0107 &amp; Jasna Jasna \u017dmak<\/a><\/strong><\/p>\n\n\n\n<p class=\"has-purple-background-color has-background has-large-font-size\" style=\"line-height:1.2\"><strong><a href=\"http:\/\/petramrsa.com\/portfolio\/what-about-the-body\/\" target=\"_blank\" rel=\"noreferrer noopener\">What About the Body? (2019)<\/a><\/strong><\/p>\n<\/div><\/div>\n<\/div>\n\n\n\n<div class=\"wp-block-column is-layout-flow wp-block-column-is-layout-flow\">\n<p><\/p>\n<\/div>\n<\/div>\n\n\n\n<p><\/p>\n<\/div><\/div>\n\n\n\n<div class=\"wp-block-group alignwide\"><div class=\"wp-block-group__inner-container is-layout-flow wp-block-group-is-layout-flow\">\n<div class=\"wp-block-columns alignwide is-layout-flex wp-container-core-columns-is-layout-9d6595d7 wp-block-columns-is-layout-flex\">\n<div class=\"wp-block-column is-layout-flow wp-block-column-is-layout-flow\">\n<div class=\"wp-block-buttons is-layout-flex wp-block-buttons-is-layout-flex\">\n<div class=\"wp-block-button is-style-fill\"><a class=\"wp-block-button__link wp-element-button\">SOUND ART<\/a><\/div>\n<\/div>\n<\/div>\n\n\n\n<div class=\"wp-block-column is-layout-flow wp-block-column-is-layout-flow\">\n<div class=\"wp-block-cover is-light\"><span aria-hidden=\"true\" class=\"wp-block-cover__background has-black-background-color has-background-dim-0 has-background-dim\"><\/span><img loading=\"lazy\" decoding=\"async\" width=\"900\" height=\"500\" class=\"wp-block-cover__image-background wp-image-252\" alt=\"\" src=\"https:\/\/jasnajasnazmak.net\/wp-content\/uploads\/2021\/09\/tintitus.jpeg\" style=\"object-position:0% 100%\" data-object-fit=\"cover\" data-object-position=\"0% 100%\" srcset=\"https:\/\/jasnajasnazmak.net\/wp-content\/uploads\/2021\/09\/tintitus.jpeg 900w, https:\/\/jasnajasnazmak.net\/wp-content\/uploads\/2021\/09\/tintitus-300x167.jpeg 300w, https:\/\/jasnajasnazmak.net\/wp-content\/uploads\/2021\/09\/tintitus-768x427.jpeg 768w\" sizes=\"auto, (max-width: 900px) 100vw, 900px\" \/><div class=\"wp-block-cover__inner-container is-layout-flow wp-block-cover-is-layout-flow\">\n<p class=\"has-purple-background-color has-background has-large-font-size\" style=\"line-height:1.2\"><a href=\"https:\/\/www.kontejner.org\/hr\/projekti\/galerija-mocvara\/sound-art-inkubator\/2016\/tnts\" target=\"_blank\" rel=\"noreferrer noopener\"><strong>Adam Semijalac &amp; Jasna Jasna \u017dmak<\/strong><\/a><\/p>\n\n\n\n<p class=\"has-purple-background-color has-background has-large-font-size\" style=\"line-height:1.2\"><strong><a href=\"https:\/\/www.kontejner.org\/hr\/projekti\/galerija-mocvara\/sound-art-inkubator\/2016\/tnts\" target=\"_blank\" rel=\"noreferrer noopener\">\/\u02c8t\u026an\u026at\u0259s\/ (2016)<\/a><\/strong><\/p>\n<\/div><\/div>\n<\/div>\n\n\n\n<div class=\"wp-block-column is-layout-flow wp-block-column-is-layout-flow\">\n<div class=\"wp-block-cover is-light\"><span aria-hidden=\"true\" class=\"wp-block-cover__background has-background-dim-0 has-background-dim\"><\/span><img loading=\"lazy\" decoding=\"async\" width=\"1536\" height=\"1024\" class=\"wp-block-cover__image-background wp-image-309\" alt=\"\" src=\"https:\/\/jasnajasnazmak.net\/wp-content\/uploads\/2021\/09\/onebihtjele.jpg\" data-object-fit=\"cover\" srcset=\"https:\/\/jasnajasnazmak.net\/wp-content\/uploads\/2021\/09\/onebihtjele.jpg 1536w, https:\/\/jasnajasnazmak.net\/wp-content\/uploads\/2021\/09\/onebihtjele-300x200.jpg 300w, https:\/\/jasnajasnazmak.net\/wp-content\/uploads\/2021\/09\/onebihtjele-1024x683.jpg 1024w, https:\/\/jasnajasnazmak.net\/wp-content\/uploads\/2021\/09\/onebihtjele-768x512.jpg 768w\" sizes=\"auto, (max-width: 1536px) 100vw, 1536px\" \/><div class=\"wp-block-cover__inner-container is-layout-flow wp-block-cover-is-layout-flow\">\n<p class=\"has-text-align-left has-purple-background-color has-background has-large-font-size\" style=\"line-height:1.2\"><strong><a href=\"https:\/\/soundcloud.com\/jasna-zmak\/sets\/one-bi-htjele\" target=\"_blank\" rel=\"noreferrer noopener\">They Would Have Loved It (2017)<\/a><\/strong><\/p>\n<\/div><\/div>\n<\/div>\n<\/div>\n<\/div><\/div>\n\n\n\n<div class=\"wp-block-group alignwide\"><div class=\"wp-block-group__inner-container is-layout-flow wp-block-group-is-layout-flow\">\n<div class=\"wp-block-columns alignwide is-layout-flex wp-container-core-columns-is-layout-9d6595d7 wp-block-columns-is-layout-flex\">\n<div class=\"wp-block-column is-layout-flow wp-block-column-is-layout-flow\">\n<div class=\"wp-block-buttons is-layout-flex wp-block-buttons-is-layout-flex\">\n<div class=\"wp-block-button\"><a class=\"wp-block-button__link wp-element-button\"><meta charset=\"utf-8\">TEXT FOR INSTALLATIONS<\/a><\/div>\n<\/div>\n\n\n\n<ul class=\"wp-block-list\">\n<li>Ana Hu\u0161man &amp; Ivan Maru\u0161i\u0107 Klif: <strong><em><a href=\"https:\/\/www.festivalsvjetlazagreb.hr\/detalji-lokacija\/super-zene-i-njihove-price-os-jj-strossmayera-varsavska-ulica\" target=\"_blank\" rel=\"noreferrer noopener\">Super women and their Stories<\/a><\/em><\/strong>, Festival of Lights Zagreb (2022)<\/li>\n\n\n\n<li>Ana Hu\u0161man &amp; Ivan Maru\u0161i\u0107 Klif: <strong><a href=\"https:\/\/anahusman.net\/hr\/2017-a-tale\/\" target=\"_blank\" rel=\"noreferrer noopener\"><em>A Tale<\/em><\/a><\/strong>, White Night (2017)<\/li>\n<\/ul>\n<\/div>\n\n\n\n<div class=\"wp-block-column is-layout-flow wp-block-column-is-layout-flow\">\n<div class=\"wp-block-buttons is-layout-flex wp-block-buttons-is-layout-flex\">\n<div class=\"wp-block-button\"><a class=\"wp-block-button__link wp-element-button\">SISE U MUZEJIMA<\/a><\/div>\n<\/div>\n\n\n\n<ul class=\"wp-block-list\">\n<li><strong><a href=\"http:\/\/siseumimari.tumblr.com\/\" target=\"_blank\" rel=\"noreferrer noopener\">Tits in Mimara (2015)<\/a> <\/strong>(2015)<\/li>\n\n\n\n<li><strong><a href=\"https:\/\/siseunovojtretyakovskoj.tumblr.com\/\" target=\"_blank\" rel=\"noreferrer noopener\">Tits in Nova Tretyakovska (2017)<\/a><\/strong> (2017)<\/li>\n\n\n\n<li><strong><a href=\"https:\/\/siseumomi.tumblr.com\/\" target=\"_blank\" rel=\"noreferrer noopener\">Tits in Moma (2019)<\/a><\/strong> (2019)<\/li>\n\n\n\n<li><strong><a href=\"https:\/\/siseumetu.tumblr.com\/\" target=\"_blank\" rel=\"noreferrer noopener\">Tits in the Met (2019)<\/a><\/strong> (2019)<\/li>\n<\/ul>\n<\/div>\n\n\n\n<div class=\"wp-block-column is-layout-flow wp-block-column-is-layout-flow\">\n<div style=\"height:70px\" aria-hidden=\"true\" class=\"wp-block-spacer\"><\/div>\n\n\n\n<ul class=\"wp-block-list\">\n<li><strong><a href=\"https:\/\/siseugalerijiumjetninasplit.tumblr.com\/\" target=\"_blank\" rel=\"noreferrer noopener\">Sise u Galeriji umjetnina Split <\/a><\/strong>(2021)<\/li>\n\n\n\n<li><strong><a href=\"https:\/\/siseutateu.tumblr.com\/\">Sise u Tate-u<\/a><\/strong> (2023)<\/li>\n\n\n\n<li><a href=\"https:\/\/siseumunchu.tumblr.com\/\"><strong>Sise u Munchu<\/strong> (2024)<\/a><\/li>\n\n\n\n<li><strong><a href=\"https:\/\/siseupompidouu.tumblr.com\/\">Sise u Pompidou<\/a><\/strong> (2025)<\/li>\n<\/ul>\n<\/div>\n<\/div>\n\n\n\n<div class=\"wp-block-columns alignwide is-layout-flex wp-container-core-columns-is-layout-9d6595d7 wp-block-columns-is-layout-flex\">\n<div class=\"wp-block-column is-layout-flow wp-block-column-is-layout-flow\">\n<div class=\"wp-block-buttons is-layout-flex wp-block-buttons-is-layout-flex\">\n<div class=\"wp-block-button\"><a class=\"wp-block-button__link wp-element-button\"><meta charset=\"utf-8\">JOURNALISM<\/a><\/div>\n<\/div>\n\n\n\n<ul class=\"wp-block-list\">\n<li>texts and interviews, <strong><em><a href=\"https:\/\/voxfeminae.net\/autorice\/jasna-zmak\/\" target=\"_blank\" rel=\"noreferrer noopener\">VoxFeminae<\/a><\/em><\/strong> portal<\/li>\n\n\n\n<li>texts and interviews, <strong><em><a href=\"https:\/\/vizkultura.hr\/author\/jasna-jasna-zmak\/\" target=\"_blank\" rel=\"noreferrer noopener\">Vizkultura<\/a><\/em><\/strong>, web portal on visual culture<\/li>\n\n\n\n<li>texts and interviews, <strong><em><a href=\"https:\/\/www.libela.org\/\" target=\"_blank\" rel=\"noreferrer noopener\">Libela<\/a><\/em><\/strong>, web portal on gender, sex and democracy<\/li>\n<\/ul>\n<\/div>\n\n\n\n<div class=\"wp-block-column is-layout-flow wp-block-column-is-layout-flow\">\n<div class=\"wp-block-buttons is-layout-flex wp-block-buttons-is-layout-flex\">\n<div class=\"wp-block-button\"><a class=\"wp-block-button__link wp-element-button\">ASSOCIATIONS<\/a><\/div>\n<\/div>\n\n\n\n<ul class=\"wp-block-list\">\n<li>president, <strong><em><a href=\"https:\/\/spid.com.hr\/\" target=\"_blank\" rel=\"noreferrer noopener\">SPID - Croatian Screenwriters and Playwrights Guild<\/a><\/em><\/strong> (2019. &#8211; 2023.)<\/li>\n\n\n\n<li>board member, <strong><em><a href=\"https:\/\/spid.com.hr\/\" target=\"_blank\" rel=\"noreferrer noopener\">SPID - Croatian Screenwriters and Playwrights Guild<\/a><\/em><\/strong> (2017. &#8211; 2019.)<\/li>\n\n\n\n<li>board member, <strong><em><a href=\"https:\/\/cdu.home.blog\/\" target=\"_blank\" rel=\"noreferrer noopener\">CDU - Centre for Drama Art<\/a><\/em><\/strong> (2009. &#8211; 2011.)<\/li>\n<\/ul>\n<\/div>\n\n\n\n<div class=\"wp-block-column is-layout-flow wp-block-column-is-layout-flow\">\n<div class=\"wp-block-buttons is-layout-flex wp-block-buttons-is-layout-flex\">\n<div class=\"wp-block-button\"><a class=\"wp-block-button__link wp-element-button\">MEMBERSHIPS<\/a><\/div>\n<\/div>\n\n\n\n<ul class=\"wp-block-list\">\n<li>member, <strong><em><a href=\"https:\/\/spid.com.hr\/\" target=\"_blank\" rel=\"noreferrer noopener\">SPID - Croatian Screenwriters and Playwrights Guild<\/a><\/em><\/strong> (2015. \u2013 today)<\/li>\n\n\n\n<li>member, <strong><em><a href=\"https:\/\/www.centar-psihodrama.hr\/\" target=\"_blank\" rel=\"noreferrer noopener\">Center for Psychodrama <\/a><\/em><\/strong>(2022. &#8211; danas)<\/li>\n\n\n\n<li>member, <strong><em><a href=\"https:\/\/hrvatskodrustvopisaca.hr\/\" target=\"_blank\" rel=\"noreferrer noopener\">Croatian Writers Society<\/a><\/em><\/strong> (2020. \u2013 today)<\/li>\n\n\n\n<li>member, <strong><em><a href=\"https:\/\/cdu.home.blog\/\" target=\"_blank\" rel=\"noreferrer noopener\">CDU - Centre for Drama Art<\/a><\/em><\/strong> (2007. \u2013 today)<\/li>\n<\/ul>\n<\/div>\n<\/div>\n<\/div><\/div>\n\n\n\n<p><\/p>","protected":false},"excerpt":{"rendered":"","protected":false},"author":1,"featured_media":0,"parent":0,"menu_order":0,"comment_status":"closed","ping_status":"closed","template":"","meta":{"footnotes":""},"class_list":["post-145","page","type-page","status-publish","hentry","entry"],"yoast_head":"<!-- This site is optimized with the Yoast SEO plugin v27.4 - https:\/\/yoast.com\/product\/yoast-seo-wordpress\/ -->\n<title>ostalo - jasna jasna \u017emak<\/title>\n<meta name=\"description\" content=\"ostalo - jasna jasna\" \/>\n<meta name=\"robots\" content=\"index, follow, max-snippet:-1, max-image-preview:large, max-video-preview:-1\" \/>\n<link rel=\"canonical\" href=\"https:\/\/jasnajasnazmak.net\/en\/ostalo\/\" \/>\n<meta property=\"og:locale\" content=\"en_US\" \/>\n<meta property=\"og:type\" content=\"article\" \/>\n<meta property=\"og:title\" content=\"ostalo - jasna jasna \u017emak\" \/>\n<meta property=\"og:description\" content=\"ostalo - jasna jasna\" \/>\n<meta property=\"og:url\" content=\"https:\/\/jasnajasnazmak.net\/en\/ostalo\/\" \/>\n<meta property=\"og:site_name\" content=\"jasna jasna \u017emak\" \/>\n<meta property=\"article:modified_time\" content=\"2025-02-28T11:02:35+00:00\" \/>\n<meta property=\"og:image\" content=\"https:\/\/jasnajasnazmak.net\/wp-content\/uploads\/2021\/09\/ja-sam-buducnost.jpg\" \/>\n\t<meta property=\"og:image:width\" content=\"770\" \/>\n\t<meta property=\"og:image:height\" content=\"742\" \/>\n\t<meta property=\"og:image:type\" content=\"image\/jpeg\" \/>\n<meta name=\"twitter:card\" content=\"summary_large_image\" \/>\n<meta name=\"twitter:label1\" content=\"Est. reading time\" \/>\n\t<meta name=\"twitter:data1\" content=\"3 minutes\" \/>\n<script type=\"application\/ld+json\" class=\"yoast-schema-graph\">{\"@context\":\"https:\\\/\\\/schema.org\",\"@graph\":[{\"@type\":\"WebPage\",\"@id\":\"https:\\\/\\\/jasnajasnazmak.net\\\/ostalo\\\/\",\"url\":\"https:\\\/\\\/jasnajasnazmak.net\\\/ostalo\\\/\",\"name\":\"ostalo - jasna jasna \u017emak\",\"isPartOf\":{\"@id\":\"https:\\\/\\\/jasnajasnazmak.net\\\/#website\"},\"primaryImageOfPage\":{\"@id\":\"https:\\\/\\\/jasnajasnazmak.net\\\/ostalo\\\/#primaryimage\"},\"image\":{\"@id\":\"https:\\\/\\\/jasnajasnazmak.net\\\/ostalo\\\/#primaryimage\"},\"thumbnailUrl\":\"https:\\\/\\\/jasnajasnazmak.net\\\/wp-content\\\/uploads\\\/2021\\\/09\\\/ja-sam-buducnost.jpg\",\"datePublished\":\"2021-09-09T17:04:49+00:00\",\"dateModified\":\"2025-02-28T11:02:35+00:00\",\"description\":\"ostalo - jasna jasna\",\"breadcrumb\":{\"@id\":\"https:\\\/\\\/jasnajasnazmak.net\\\/ostalo\\\/#breadcrumb\"},\"inLanguage\":\"en-US\",\"potentialAction\":[{\"@type\":\"ReadAction\",\"target\":[\"https:\\\/\\\/jasnajasnazmak.net\\\/ostalo\\\/\"]}]},{\"@type\":\"ImageObject\",\"inLanguage\":\"en-US\",\"@id\":\"https:\\\/\\\/jasnajasnazmak.net\\\/ostalo\\\/#primaryimage\",\"url\":\"https:\\\/\\\/jasnajasnazmak.net\\\/wp-content\\\/uploads\\\/2021\\\/09\\\/ja-sam-buducnost.jpg\",\"contentUrl\":\"https:\\\/\\\/jasnajasnazmak.net\\\/wp-content\\\/uploads\\\/2021\\\/09\\\/ja-sam-buducnost.jpg\"},{\"@type\":\"BreadcrumbList\",\"@id\":\"https:\\\/\\\/jasnajasnazmak.net\\\/ostalo\\\/#breadcrumb\",\"itemListElement\":[{\"@type\":\"ListItem\",\"position\":1,\"name\":\"Po\u010detna stranica\",\"item\":\"https:\\\/\\\/jasnajasnazmak.net\\\/\"},{\"@type\":\"ListItem\",\"position\":2,\"name\":\"ostalo\"}]},{\"@type\":\"WebSite\",\"@id\":\"https:\\\/\\\/jasnajasnazmak.net\\\/#website\",\"url\":\"https:\\\/\\\/jasnajasnazmak.net\\\/\",\"name\":\"jasna jasna\",\"description\":\"\",\"publisher\":{\"@id\":\"https:\\\/\\\/jasnajasnazmak.net\\\/#\\\/schema\\\/person\\\/864e39429d238302c2ee43b9c1755bd4\"},\"potentialAction\":[{\"@type\":\"SearchAction\",\"target\":{\"@type\":\"EntryPoint\",\"urlTemplate\":\"https:\\\/\\\/jasnajasnazmak.net\\\/?s={search_term_string}\"},\"query-input\":{\"@type\":\"PropertyValueSpecification\",\"valueRequired\":true,\"valueName\":\"search_term_string\"}}],\"inLanguage\":\"en-US\"},{\"@type\":[\"Person\",\"Organization\"],\"@id\":\"https:\\\/\\\/jasnajasnazmak.net\\\/#\\\/schema\\\/person\\\/864e39429d238302c2ee43b9c1755bd4\",\"name\":\"admin\",\"image\":{\"@type\":\"ImageObject\",\"inLanguage\":\"en-US\",\"@id\":\"https:\\\/\\\/secure.gravatar.com\\\/avatar\\\/b34f42baafffbd05d0b4a5fbd8594f5afe4d68c881ab36ed8ab35c6d4af32335?s=96&d=mm&r=g\",\"url\":\"https:\\\/\\\/secure.gravatar.com\\\/avatar\\\/b34f42baafffbd05d0b4a5fbd8594f5afe4d68c881ab36ed8ab35c6d4af32335?s=96&d=mm&r=g\",\"contentUrl\":\"https:\\\/\\\/secure.gravatar.com\\\/avatar\\\/b34f42baafffbd05d0b4a5fbd8594f5afe4d68c881ab36ed8ab35c6d4af32335?s=96&d=mm&r=g\",\"caption\":\"admin\"},\"logo\":{\"@id\":\"https:\\\/\\\/secure.gravatar.com\\\/avatar\\\/b34f42baafffbd05d0b4a5fbd8594f5afe4d68c881ab36ed8ab35c6d4af32335?s=96&d=mm&r=g\"},\"sameAs\":[\"https:\\\/\\\/jasnajasnazmak.net\"]}]}<\/script>\n<!-- \/ Yoast SEO plugin. -->","yoast_head_json":{"title":"ostalo - jasna jasna \u017emak","description":"ostalo - jasna jasna","robots":{"index":"index","follow":"follow","max-snippet":"max-snippet:-1","max-image-preview":"max-image-preview:large","max-video-preview":"max-video-preview:-1"},"canonical":"https:\/\/jasnajasnazmak.net\/en\/ostalo\/","og_locale":"en_US","og_type":"article","og_title":"ostalo - jasna jasna \u017emak","og_description":"ostalo - jasna jasna","og_url":"https:\/\/jasnajasnazmak.net\/en\/ostalo\/","og_site_name":"jasna jasna \u017emak","article_modified_time":"2025-02-28T11:02:35+00:00","og_image":[{"width":770,"height":742,"url":"https:\/\/jasnajasnazmak.net\/wp-content\/uploads\/2021\/09\/ja-sam-buducnost.jpg","type":"image\/jpeg"}],"twitter_card":"summary_large_image","twitter_misc":{"Est. reading time":"3 minutes"},"schema":{"@context":"https:\/\/schema.org","@graph":[{"@type":"WebPage","@id":"https:\/\/jasnajasnazmak.net\/ostalo\/","url":"https:\/\/jasnajasnazmak.net\/ostalo\/","name":"ostalo - jasna jasna \u017emak","isPartOf":{"@id":"https:\/\/jasnajasnazmak.net\/#website"},"primaryImageOfPage":{"@id":"https:\/\/jasnajasnazmak.net\/ostalo\/#primaryimage"},"image":{"@id":"https:\/\/jasnajasnazmak.net\/ostalo\/#primaryimage"},"thumbnailUrl":"https:\/\/jasnajasnazmak.net\/wp-content\/uploads\/2021\/09\/ja-sam-buducnost.jpg","datePublished":"2021-09-09T17:04:49+00:00","dateModified":"2025-02-28T11:02:35+00:00","description":"ostalo - jasna jasna","breadcrumb":{"@id":"https:\/\/jasnajasnazmak.net\/ostalo\/#breadcrumb"},"inLanguage":"en-US","potentialAction":[{"@type":"ReadAction","target":["https:\/\/jasnajasnazmak.net\/ostalo\/"]}]},{"@type":"ImageObject","inLanguage":"en-US","@id":"https:\/\/jasnajasnazmak.net\/ostalo\/#primaryimage","url":"https:\/\/jasnajasnazmak.net\/wp-content\/uploads\/2021\/09\/ja-sam-buducnost.jpg","contentUrl":"https:\/\/jasnajasnazmak.net\/wp-content\/uploads\/2021\/09\/ja-sam-buducnost.jpg"},{"@type":"BreadcrumbList","@id":"https:\/\/jasnajasnazmak.net\/ostalo\/#breadcrumb","itemListElement":[{"@type":"ListItem","position":1,"name":"Po\u010detna stranica","item":"https:\/\/jasnajasnazmak.net\/"},{"@type":"ListItem","position":2,"name":"ostalo"}]},{"@type":"WebSite","@id":"https:\/\/jasnajasnazmak.net\/#website","url":"https:\/\/jasnajasnazmak.net\/","name":"jasna jasna","description":"","publisher":{"@id":"https:\/\/jasnajasnazmak.net\/#\/schema\/person\/864e39429d238302c2ee43b9c1755bd4"},"potentialAction":[{"@type":"SearchAction","target":{"@type":"EntryPoint","urlTemplate":"https:\/\/jasnajasnazmak.net\/?s={search_term_string}"},"query-input":{"@type":"PropertyValueSpecification","valueRequired":true,"valueName":"search_term_string"}}],"inLanguage":"en-US"},{"@type":["Person","Organization"],"@id":"https:\/\/jasnajasnazmak.net\/#\/schema\/person\/864e39429d238302c2ee43b9c1755bd4","name":"admin","image":{"@type":"ImageObject","inLanguage":"en-US","@id":"https:\/\/secure.gravatar.com\/avatar\/b34f42baafffbd05d0b4a5fbd8594f5afe4d68c881ab36ed8ab35c6d4af32335?s=96&d=mm&r=g","url":"https:\/\/secure.gravatar.com\/avatar\/b34f42baafffbd05d0b4a5fbd8594f5afe4d68c881ab36ed8ab35c6d4af32335?s=96&d=mm&r=g","contentUrl":"https:\/\/secure.gravatar.com\/avatar\/b34f42baafffbd05d0b4a5fbd8594f5afe4d68c881ab36ed8ab35c6d4af32335?s=96&d=mm&r=g","caption":"admin"},"logo":{"@id":"https:\/\/secure.gravatar.com\/avatar\/b34f42baafffbd05d0b4a5fbd8594f5afe4d68c881ab36ed8ab35c6d4af32335?s=96&d=mm&r=g"},"sameAs":["https:\/\/jasnajasnazmak.net"]}]}},"_links":{"self":[{"href":"https:\/\/jasnajasnazmak.net\/en\/wp-json\/wp\/v2\/pages\/145","targetHints":{"allow":["GET"]}}],"collection":[{"href":"https:\/\/jasnajasnazmak.net\/en\/wp-json\/wp\/v2\/pages"}],"about":[{"href":"https:\/\/jasnajasnazmak.net\/en\/wp-json\/wp\/v2\/types\/page"}],"author":[{"embeddable":true,"href":"https:\/\/jasnajasnazmak.net\/en\/wp-json\/wp\/v2\/users\/1"}],"replies":[{"embeddable":true,"href":"https:\/\/jasnajasnazmak.net\/en\/wp-json\/wp\/v2\/comments?post=145"}],"version-history":[{"count":33,"href":"https:\/\/jasnajasnazmak.net\/en\/wp-json\/wp\/v2\/pages\/145\/revisions"}],"predecessor-version":[{"id":1032,"href":"https:\/\/jasnajasnazmak.net\/en\/wp-json\/wp\/v2\/pages\/145\/revisions\/1032"}],"wp:attachment":[{"href":"https:\/\/jasnajasnazmak.net\/en\/wp-json\/wp\/v2\/media?parent=145"}],"curies":[{"name":"wp","href":"https:\/\/api.w.org\/{rel}","templated":true}]}}